{"id":979,"date":"2023-04-23T16:56:35","date_gmt":"2023-04-23T16:56:35","guid":{"rendered":"https:\/\/beaconoflights.co.uk\/?page_id=979"},"modified":"2025-04-24T12:34:49","modified_gmt":"2025-04-24T12:34:49","slug":"books","status":"publish","type":"page","link":"https:\/\/beaconoflights.co.uk\/pl\/books\/","title":{"rendered":"KSI\u0104\u017bKI"},"content":{"rendered":"<div data-elementor-type=\"wp-post\" data-elementor-id=\"979\" class=\"elementor elementor-979\">\n\t\t\t\t\t\t<section class=\"elementor-section elementor-top-section elementor-element elementor-element-b1d2285 elementor-section-height-min-height elementor-section-boxed elementor-section-height-default elementor-section-items-middle\" data-id=\"b1d2285\" data-element_type=\"section\" data-e-type=\"section\" data-settings=\"{&quot;background_background&quot;:&quot;classic&quot;}\">\n\t\t\t\t\t\t\t<div class=\"elementor-background-overlay\"><\/div>\n\t\t\t\t\t\t\t<div class=\"elementor-container elementor-column-gap-default\">\n\t\t\t\t\t<div class=\"aux-parallax-section elementor-column elementor-col-100 elementor-top-column elementor-element elementor-element-2331570\" data-id=\"2331570\" data-element_type=\"column\" data-e-type=\"column\">\n\t\t\t<div class=\"elementor-widget-wrap\">\n\t\t\t\t\t\t\t<\/div>\n\t\t<\/div>\n\t\t\t\t\t<\/div>\n\t\t<\/section>\n\t\t\t\t<section class=\"elementor-section elementor-top-section elementor-element elementor-element-ec2da6a elementor-section-boxed elementor-section-height-default elementor-section-height-default\" data-id=\"ec2da6a\" data-element_type=\"section\" data-e-type=\"section\" data-settings=\"{&quot;background_background&quot;:&quot;classic&quot;}\">\n\t\t\t\t\t\t<div class=\"elementor-container elementor-column-gap-default\">\n\t\t\t\t\t<div class=\"aux-parallax-section elementor-column elementor-col-100 elementor-top-column elementor-element elementor-element-8c23e70\" data-id=\"8c23e70\" data-element_type=\"column\" data-e-type=\"column\">\n\t\t\t<div class=\"elementor-widget-wrap elementor-element-populated\">\n\t\t\t\t\t\t<section class=\"elementor-section elementor-top-section elementor-element elementor-element-ffab8d2 elementor-section-content-middle elementor-section-boxed elementor-section-height-default elementor-section-height-default\" data-id=\"ffab8d2\" data-element_type=\"section\" data-e-type=\"section\">\n\t\t\t\t\t\t<div class=\"elementor-container elementor-column-gap-default\">\n\t\t\t\t\t<div class=\"aux-parallax-section elementor-column elementor-col-50 elementor-top-column elementor-element elementor-element-fd680e0\" data-id=\"fd680e0\" data-element_type=\"column\" data-e-type=\"column\">\n\t\t\t<div class=\"elementor-widget-wrap elementor-element-populated\">\n\t\t\t\t\t\t<div class=\"elementor-element elementor-element-ecc41fb aux-appear-watch-animation aux-fade-in-up elementor-widget elementor-widget-aux_modern_heading\" data-id=\"ecc41fb\" data-element_type=\"widget\" data-e-type=\"widget\" data-widget_type=\"aux_modern_heading.default\">\n\t\t\t\t<div class=\"elementor-widget-container\">\n\t\t\t\t\t<section class=\"aux-widget-modern-heading\">\n            <div class=\"aux-widget-inner\"><div class=\"aux-modern-heading-divider\"><\/div><h2 class=\"aux-modern-heading-primary\"><\/h2><h3 class=\"aux-modern-heading-secondary\"><span class=\"aux-head-before\">Lista ksi\u0105\u017cek:<\/span><\/h3><div class=\"aux-modern-heading-description\"><ul><li>Niebia\u0144ska Przepowiednia James Redfield<\/li><li>Jak wej\u015b\u0107 na wysokie wibracje Lalah Delia<\/li><li>Nieskr\u0119powana Dusza Michael A.Singer<\/li><li>Jak uwolni\u0107 sw\u00f3j nadprzyrodzony potencja\u0142 Dr Joe Dispenza<\/li><li>Jak zerwa\u0107 z na\u0142ogiem bycia sob\u0105 Dr Joe Dispenza<\/li><li>Odmie\u0144 sw\u00f3j umys\u0142. Odmie\u0144 swoje \u017cycie Dr Wayne W. Dyer<\/li><li>Pot\u0119ga Intencji Dr Wayne W .Dyer<\/li><li>Pot\u0119ga Przebudzenia Dr. Wayne W. Dyer<\/li><li>Zdob\u0119dziesz Mi\u0142o\u015b\u0107 jakiej pragniesz Harville Hendrix<\/li><li>Alchemik Paulo Coelho<\/li><li>Biegn\u0105ca z Wilkami Clarissa Pinkola<\/li><li>Rozmowy z Setem - o wiecznej wa\u017cno\u015bci duszy Jane Roberts<\/li><li>Pot\u0119ga Pod\u015bwiadomo\u015bci Joseph Murphy<\/li><li>Mo\u017cesz uzdrowi\u0107 swoje \u017cycie Louise Hay<\/li><li>\u017bycie jako \u015bwi\u0119ty kontrakt Caroline Myss<\/li><li>Zadbaj o cia\u0142o, ulecz umys\u0142 Joan Borysenko<\/li><li>\u015acie\u017cka Milo\u015bci Don Miguel Ruiz<\/li><li>Poza czas i nie\u015bmiertelno\u015b\u0107 Dr Brian Weiss<\/li><li>Trzy fale Ochotnik\u00f3w i Nowa Ziemia Dolores Cannon<\/li><li>\u017bycie nie ko\u0144czy si\u0119 \u015bmierci\u0105 Dolores Cannon<\/li><li>Siedem duchowych praw sukcesu Deepak Chopra<\/li><\/ul><\/div><\/div>\n        <\/section>\t\t\t\t<\/div>\n\t\t\t\t<\/div>\n\t\t\t\t\t<\/div>\n\t\t<\/div>\n\t\t\t\t<div class=\"aux-parallax-section elementor-column elementor-col-50 elementor-top-column elementor-element elementor-element-3133392\" data-id=\"3133392\" data-element_type=\"column\" data-e-type=\"column\">\n\t\t\t<div class=\"elementor-widget-wrap elementor-element-populated\">\n\t\t\t\t\t\t<div class=\"elementor-element elementor-element-a538d15 elementor-widget elementor-widget-image\" data-id=\"a538d15\" data-element_type=\"widget\" data-e-type=\"widget\" data-widget_type=\"image.default\">\n\t\t\t\t<div class=\"elementor-widget-container\">\n\t\t\t\t\t\t\t\t\t\t\t\t\t\t\t<img fetchpriority=\"high\" decoding=\"async\" width=\"667\" height=\"1000\" src=\"https:\/\/beaconoflights.co.uk\/wp-content\/uploads\/2023\/04\/books-img2.jpg\" class=\"attachment-full size-full wp-image-991\" alt=\"\" \/>\t\t\t\t\t\t\t\t\t\t\t\t\t\t\t<\/div>\n\t\t\t\t<\/div>\n\t\t\t\t\t<\/div>\n\t\t<\/div>\n\t\t\t\t\t<\/div>\n\t\t<\/section>\n\t\t\t\t\t<\/div>\n\t\t<\/div>\n\t\t\t\t\t<\/div>\n\t\t<\/section>\n\t\t\t\t<\/div>","protected":false},"excerpt":{"rendered":"<p>List of books Celestine Prophecy James Redfield Vibrate Higher Daily Lalah Delia Unethered Soul Michael A. Singer Becoming Supernatural Dr Joe Dispenza Breaking the habit of being yourself Dr Joe Dispenza Change your Thoughts change your Life Dr Wayne W. Dyer The Power of Intention Dr Wayne W. Dyer The Power of awakening Dr Wayne [&hellip;]<\/p>\n","protected":false},"author":2,"featured_media":0,"parent":0,"menu_order":0,"comment_status":"closed","ping_status":"closed","template":"","meta":{"footnotes":""},"class_list":["post-979","page","type-page","status-publish","hentry"],"yoast_head":"<!-- This site is optimized with the Yoast SEO plugin v27.2 - https:\/\/yoast.com\/product\/yoast-seo-wordpress\/ -->\n<title>Books - Beacon of Lights<\/title>\n<meta name=\"robots\" content=\"index, follow, max-snippet:-1, max-image-preview:large, max-video-preview:-1\" \/>\n<link rel=\"canonical\" href=\"https:\/\/beaconoflights.co.uk\/pl\/books\/\" \/>\n<meta property=\"og:locale\" content=\"pl_PL\" \/>\n<meta property=\"og:type\" content=\"article\" \/>\n<meta property=\"og:title\" content=\"Books - Beacon of Lights\" \/>\n<meta property=\"og:description\" content=\"List of books Celestine Prophecy James Redfield Vibrate Higher Daily Lalah Delia Unethered Soul Michael A. Singer Becoming Supernatural Dr Joe Dispenza Breaking the habit of being yourself Dr Joe Dispenza Change your Thoughts change your Life Dr Wayne W. Dyer The Power of Intention Dr Wayne W. Dyer The Power of awakening Dr Wayne [&hellip;]\" \/>\n<meta property=\"og:url\" content=\"https:\/\/beaconoflights.co.uk\/pl\/books\/\" \/>\n<meta property=\"og:site_name\" content=\"Beacon of Lights\" \/>\n<meta property=\"article:modified_time\" content=\"2025-04-24T12:34:49+00:00\" \/>\n<meta property=\"og:image\" content=\"https:\/\/beaconoflights.co.uk\/wp-content\/uploads\/2023\/04\/books-img2.jpg\" \/>\n\t<meta property=\"og:image:width\" content=\"667\" \/>\n\t<meta property=\"og:image:height\" content=\"1000\" \/>\n\t<meta property=\"og:image:type\" content=\"image\/jpeg\" \/>\n<meta name=\"twitter:card\" content=\"summary_large_image\" \/>\n<meta name=\"twitter:label1\" content=\"Szacowany czas czytania\" \/>\n\t<meta name=\"twitter:data1\" content=\"1 minuta\" \/>\n<script type=\"application\/ld+json\" class=\"yoast-schema-graph\">{\"@context\":\"https:\/\/schema.org\",\"@graph\":[{\"@type\":\"WebPage\",\"@id\":\"https:\/\/beaconoflights.co.uk\/books\/\",\"url\":\"https:\/\/beaconoflights.co.uk\/books\/\",\"name\":\"Books - Beacon of Lights\",\"isPartOf\":{\"@id\":\"https:\/\/beaconoflights.co.uk\/#website\"},\"primaryImageOfPage\":{\"@id\":\"https:\/\/beaconoflights.co.uk\/books\/#primaryimage\"},\"image\":{\"@id\":\"https:\/\/beaconoflights.co.uk\/books\/#primaryimage\"},\"thumbnailUrl\":\"https:\/\/beaconoflights.co.uk\/wp-content\/uploads\/2023\/04\/books-img2.jpg\",\"datePublished\":\"2023-04-23T16:56:35+00:00\",\"dateModified\":\"2025-04-24T12:34:49+00:00\",\"breadcrumb\":{\"@id\":\"https:\/\/beaconoflights.co.uk\/books\/#breadcrumb\"},\"inLanguage\":\"pl-PL\",\"potentialAction\":[{\"@type\":\"ReadAction\",\"target\":[\"https:\/\/beaconoflights.co.uk\/books\/\"]}]},{\"@type\":\"ImageObject\",\"inLanguage\":\"pl-PL\",\"@id\":\"https:\/\/beaconoflights.co.uk\/books\/#primaryimage\",\"url\":\"https:\/\/beaconoflights.co.uk\/wp-content\/uploads\/2023\/04\/books-img2.jpg\",\"contentUrl\":\"https:\/\/beaconoflights.co.uk\/wp-content\/uploads\/2023\/04\/books-img2.jpg\"},{\"@type\":\"BreadcrumbList\",\"@id\":\"https:\/\/beaconoflights.co.uk\/books\/#breadcrumb\",\"itemListElement\":[{\"@type\":\"ListItem\",\"position\":1,\"name\":\"Home\",\"item\":\"https:\/\/beaconoflights.co.uk\/\"},{\"@type\":\"ListItem\",\"position\":2,\"name\":\"Books\"}]},{\"@type\":\"WebSite\",\"@id\":\"https:\/\/beaconoflights.co.uk\/#website\",\"url\":\"https:\/\/beaconoflights.co.uk\/\",\"name\":\"Beacon of Lights\",\"description\":\"\",\"publisher\":{\"@id\":\"https:\/\/beaconoflights.co.uk\/#\/schema\/person\/07b0866c2719af64cafd2f407386a495\"},\"potentialAction\":[{\"@type\":\"SearchAction\",\"target\":{\"@type\":\"EntryPoint\",\"urlTemplate\":\"https:\/\/beaconoflights.co.uk\/?s={search_term_string}\"},\"query-input\":{\"@type\":\"PropertyValueSpecification\",\"valueRequired\":true,\"valueName\":\"search_term_string\"}}],\"inLanguage\":\"pl-PL\"},{\"@type\":[\"Person\",\"Organization\"],\"@id\":\"https:\/\/beaconoflights.co.uk\/#\/schema\/person\/07b0866c2719af64cafd2f407386a495\",\"name\":\"alicia k.\",\"image\":{\"@type\":\"ImageObject\",\"inLanguage\":\"pl-PL\",\"@id\":\"https:\/\/beaconoflights.co.uk\/wp-content\/uploads\/2022\/11\/Beaconoflights-logo.png\",\"url\":\"https:\/\/beaconoflights.co.uk\/wp-content\/uploads\/2022\/11\/Beaconoflights-logo.png\",\"contentUrl\":\"https:\/\/beaconoflights.co.uk\/wp-content\/uploads\/2022\/11\/Beaconoflights-logo.png\",\"width\":450,\"height\":153,\"caption\":\"alicia k.\"},\"logo\":{\"@id\":\"https:\/\/beaconoflights.co.uk\/wp-content\/uploads\/2022\/11\/Beaconoflights-logo.png\"},\"sameAs\":[\"https:\/\/beaconoflights.co.uk\",\"https:\/\/www.instagram.com\/iamthebeaconoflights\/\"]}]}<\/script>\n<!-- \/ Yoast SEO plugin. -->","yoast_head_json":{"title":"Books - Beacon of Lights","robots":{"index":"index","follow":"follow","max-snippet":"max-snippet:-1","max-image-preview":"max-image-preview:large","max-video-preview":"max-video-preview:-1"},"canonical":"https:\/\/beaconoflights.co.uk\/pl\/books\/","og_locale":"pl_PL","og_type":"article","og_title":"Books - Beacon of Lights","og_description":"List of books Celestine Prophecy James Redfield Vibrate Higher Daily Lalah Delia Unethered Soul Michael A. Singer Becoming Supernatural Dr Joe Dispenza Breaking the habit of being yourself Dr Joe Dispenza Change your Thoughts change your Life Dr Wayne W. Dyer The Power of Intention Dr Wayne W. Dyer The Power of awakening Dr Wayne [&hellip;]","og_url":"https:\/\/beaconoflights.co.uk\/pl\/books\/","og_site_name":"Beacon of Lights","article_modified_time":"2025-04-24T12:34:49+00:00","og_image":[{"width":667,"height":1000,"url":"https:\/\/beaconoflights.co.uk\/wp-content\/uploads\/2023\/04\/books-img2.jpg","type":"image\/jpeg"}],"twitter_card":"summary_large_image","twitter_misc":{"Szacowany czas czytania":"1 minuta"},"schema":{"@context":"https:\/\/schema.org","@graph":[{"@type":"WebPage","@id":"https:\/\/beaconoflights.co.uk\/books\/","url":"https:\/\/beaconoflights.co.uk\/books\/","name":"Books - Beacon of Lights","isPartOf":{"@id":"https:\/\/beaconoflights.co.uk\/#website"},"primaryImageOfPage":{"@id":"https:\/\/beaconoflights.co.uk\/books\/#primaryimage"},"image":{"@id":"https:\/\/beaconoflights.co.uk\/books\/#primaryimage"},"thumbnailUrl":"https:\/\/beaconoflights.co.uk\/wp-content\/uploads\/2023\/04\/books-img2.jpg","datePublished":"2023-04-23T16:56:35+00:00","dateModified":"2025-04-24T12:34:49+00:00","breadcrumb":{"@id":"https:\/\/beaconoflights.co.uk\/books\/#breadcrumb"},"inLanguage":"pl-PL","potentialAction":[{"@type":"ReadAction","target":["https:\/\/beaconoflights.co.uk\/books\/"]}]},{"@type":"ImageObject","inLanguage":"pl-PL","@id":"https:\/\/beaconoflights.co.uk\/books\/#primaryimage","url":"https:\/\/beaconoflights.co.uk\/wp-content\/uploads\/2023\/04\/books-img2.jpg","contentUrl":"https:\/\/beaconoflights.co.uk\/wp-content\/uploads\/2023\/04\/books-img2.jpg"},{"@type":"BreadcrumbList","@id":"https:\/\/beaconoflights.co.uk\/books\/#breadcrumb","itemListElement":[{"@type":"ListItem","position":1,"name":"Home","item":"https:\/\/beaconoflights.co.uk\/"},{"@type":"ListItem","position":2,"name":"Books"}]},{"@type":"WebSite","@id":"https:\/\/beaconoflights.co.uk\/#website","url":"https:\/\/beaconoflights.co.uk\/","name":"Beacon of Lights","description":"","publisher":{"@id":"https:\/\/beaconoflights.co.uk\/#\/schema\/person\/07b0866c2719af64cafd2f407386a495"},"potentialAction":[{"@type":"SearchAction","target":{"@type":"EntryPoint","urlTemplate":"https:\/\/beaconoflights.co.uk\/?s={search_term_string}"},"query-input":{"@type":"PropertyValueSpecification","valueRequired":true,"valueName":"search_term_string"}}],"inLanguage":"pl-PL"},{"@type":["Person","Organization"],"@id":"https:\/\/beaconoflights.co.uk\/#\/schema\/person\/07b0866c2719af64cafd2f407386a495","name":"alicia k.","image":{"@type":"ImageObject","inLanguage":"pl-PL","@id":"https:\/\/beaconoflights.co.uk\/wp-content\/uploads\/2022\/11\/Beaconoflights-logo.png","url":"https:\/\/beaconoflights.co.uk\/wp-content\/uploads\/2022\/11\/Beaconoflights-logo.png","contentUrl":"https:\/\/beaconoflights.co.uk\/wp-content\/uploads\/2022\/11\/Beaconoflights-logo.png","width":450,"height":153,"caption":"alicia k."},"logo":{"@id":"https:\/\/beaconoflights.co.uk\/wp-content\/uploads\/2022\/11\/Beaconoflights-logo.png"},"sameAs":["https:\/\/beaconoflights.co.uk","https:\/\/www.instagram.com\/iamthebeaconoflights\/"]}]}},"_links":{"self":[{"href":"https:\/\/beaconoflights.co.uk\/pl\/wp-json\/wp\/v2\/pages\/979","targetHints":{"allow":["GET"]}}],"collection":[{"href":"https:\/\/beaconoflights.co.uk\/pl\/wp-json\/wp\/v2\/pages"}],"about":[{"href":"https:\/\/beaconoflights.co.uk\/pl\/wp-json\/wp\/v2\/types\/page"}],"author":[{"embeddable":true,"href":"https:\/\/beaconoflights.co.uk\/pl\/wp-json\/wp\/v2\/users\/2"}],"replies":[{"embeddable":true,"href":"https:\/\/beaconoflights.co.uk\/pl\/wp-json\/wp\/v2\/comments?post=979"}],"version-history":[{"count":28,"href":"https:\/\/beaconoflights.co.uk\/pl\/wp-json\/wp\/v2\/pages\/979\/revisions"}],"predecessor-version":[{"id":1589,"href":"https:\/\/beaconoflights.co.uk\/pl\/wp-json\/wp\/v2\/pages\/979\/revisions\/1589"}],"wp:attachment":[{"href":"https:\/\/beaconoflights.co.uk\/pl\/wp-json\/wp\/v2\/media?parent=979"}],"curies":[{"name":"wp","href":"https:\/\/api.w.org\/{rel}","templated":true}]}}