{"id":1130,"date":"2023-05-17T19:17:14","date_gmt":"2023-05-17T19:17:14","guid":{"rendered":"https:\/\/beaconoflights.co.uk\/?page_id=1130"},"modified":"2023-06-15T19:54:25","modified_gmt":"2023-06-15T19:54:25","slug":"about-me-new","status":"publish","type":"page","link":"https:\/\/beaconoflights.co.uk\/pl\/about-me-new\/","title":{"rendered":"About Me &#8211; New"},"content":{"rendered":"<div data-elementor-type=\"wp-post\" data-elementor-id=\"1130\" class=\"elementor elementor-1130\">\n\t\t\t\t\t\t<section class=\"elementor-section elementor-top-section elementor-element elementor-element-b1d2285 elementor-section-height-min-height elementor-section-boxed elementor-section-height-default elementor-section-items-middle\" data-id=\"b1d2285\" data-element_type=\"section\" data-e-type=\"section\" data-settings=\"{&quot;background_background&quot;:&quot;classic&quot;}\">\n\t\t\t\t\t\t\t<div class=\"elementor-background-overlay\"><\/div>\n\t\t\t\t\t\t\t<div class=\"elementor-container elementor-column-gap-default\">\n\t\t\t\t\t<div class=\"aux-parallax-section elementor-column elementor-col-100 elementor-top-column elementor-element elementor-element-2331570\" data-id=\"2331570\" data-element_type=\"column\" data-e-type=\"column\">\n\t\t\t<div class=\"elementor-widget-wrap\">\n\t\t\t\t\t\t\t<\/div>\n\t\t<\/div>\n\t\t\t\t\t<\/div>\n\t\t<\/section>\n\t\t\t\t<section class=\"elementor-section elementor-top-section elementor-element elementor-element-ec2da6a elementor-section-boxed elementor-section-height-default elementor-section-height-default\" data-id=\"ec2da6a\" data-element_type=\"section\" data-e-type=\"section\" data-settings=\"{&quot;background_background&quot;:&quot;classic&quot;}\">\n\t\t\t\t\t\t<div class=\"elementor-container elementor-column-gap-default\">\n\t\t\t\t\t<div class=\"aux-parallax-section elementor-column elementor-col-100 elementor-top-column elementor-element elementor-element-8c23e70\" data-id=\"8c23e70\" data-element_type=\"column\" data-e-type=\"column\">\n\t\t\t<div class=\"elementor-widget-wrap elementor-element-populated\">\n\t\t\t\t\t\t<section class=\"elementor-section elementor-top-section elementor-element elementor-element-ffab8d2 elementor-section-content-middle elementor-section-boxed elementor-section-height-default elementor-section-height-default\" data-id=\"ffab8d2\" data-element_type=\"section\" data-e-type=\"section\">\n\t\t\t\t\t\t<div class=\"elementor-container elementor-column-gap-default\">\n\t\t\t\t\t<div class=\"aux-parallax-section elementor-column elementor-col-33 elementor-top-column elementor-element elementor-element-fd680e0\" data-id=\"fd680e0\" data-element_type=\"column\" data-e-type=\"column\">\n\t\t\t<div class=\"elementor-widget-wrap elementor-element-populated\">\n\t\t\t\t\t\t<div class=\"elementor-element elementor-element-ecc41fb aux-appear-watch-animation aux-fade-in-up elementor-widget elementor-widget-aux_modern_heading\" data-id=\"ecc41fb\" data-element_type=\"widget\" data-e-type=\"widget\" data-widget_type=\"aux_modern_heading.default\">\n\t\t\t\t<div class=\"elementor-widget-container\">\n\t\t\t\t\t<section class=\"aux-widget-modern-heading\">\n            <div class=\"aux-widget-inner\"><div class=\"aux-modern-heading-divider\"><\/div><h2 class=\"aux-modern-heading-primary\"><\/h2><h3 class=\"aux-modern-heading-secondary\"><span class=\"aux-head-before\">To teraz o mnie:<br><\/span><span class=\"aux-head-highlight\">Hej, c\u00f3\u017c za synchroniczno\u015b\u0107, cudownie mie\u0107 Ci\u0119 tu.  <br \/>Jestem Alicja - Tw\u00f3j promyk \u015bwiat\u0142a * <\/span><\/h3><div class=\"aux-modern-heading-description\"><p>Przez ostatnie kilka lat, kiedy skupia\u0142am si\u0119 na <strong>Reiki<\/strong>, <strong>Kryszta\u0142owe Uzdrawianie<\/strong>, <strong>REGRESJA PRZESZ\u0141EGO \u017bYCIA<\/strong>, <strong>Tarot<\/strong> i <strong>Astrologii<\/strong> a udzia\u0142 w r\u00f3\u017cnych wyjazdach tzw Retreat i wydarzeniach da\u0142 mi wspania\u0142\u0105 okazj\u0119, by odkry\u0107 wszystko, co jest we mnie, t\u0119 supermoc, kt\u00f3r\u0105 ka\u017cdy z nas ma w sobie.<\/p><p>To wszystko dzia\u0142o si\u0119 znacznie d\u0142u\u017cej, po prostu nie by\u0142am tego \u015bwiadoma a\u017c do momentu w kt\u00f3rym zapisa\u0142am si\u0119 do Akademii Manifestacji we wrze\u015bniu 2019 roku.<br \/><strong>Jestem wzruszona mog\u0105c dzieli\u0107 si\u0119 tym z Wami<\/strong><br \/>Mo\u017ce zainspiruje Ci\u0119 to by nabra\u0107 odwagi i r\u00f3wnie\u017c zacz\u0105\u0107 kreowa\u0107 \u017cycie, kt\u00f3rego po\u017c\u0105dasz a co za tym idzie, zdobywa\u0107 swoje marzenia.<br \/>Jestem tutaj by pom\u00f3c Ci odkry\u0107 Twoje prawdziwe, w\u0142asne i wy\u017csze Ja, oraz wy\u0142oni\u0107 Tw\u00f3j potencja\u0142.<br \/>Ja nadal wzrastam, ucz\u0119 si\u0119 i zmieniam i domy\u015blam si\u0119, \u017ce to si\u0119 nigdy nie zmieni, Ja nie chc\u0119 by si\u0119 zmieni\u0142o!<br \/><strong>\u017bycie w mi\u0142o\u015bci i wdzi\u0119czno\u015bci da\u0142o mi ogromn\u0105 moc, by przyjmowa\u0107 wszystko i akceptowa\u0107 co jest.<\/strong><br \/>Stale korzystam z mojej wiedzy, z lekcji kt\u00f3re mnie nauczy\u0142y, m\u0105dro\u015bci kt\u00f3re zdoby\u0142am a\u017ceby inspirowa\u0107 innych i pom\u00f3c poprowadzi\u0107 ich do w\u0142asnych siebie, by odnale\u017ali to wewn\u0119trzne szcz\u0119\u015bcie i zakochali si\u0119 w swoim \u017cyciu na nowo.<br \/>Moj\u0105 misj\u0105 tutaj jest wspieranie was poprzez wasze w\u0142asne do\u015bwiadczenia, podnoszenie was na duchu i dzielenie si\u0119 moj\u0105 wiedz\u0105, moimi lekcjami i moim osobistym rozwojem.<br \/>Jestem zakochana w duchowo\u015bci i wszystkim, co si\u0119 z ni\u0105 wi\u0105\u017ce.<\/p><p>Sp\u0119dzam du\u017co czasu na studiowaniu, uczeniu si\u0119, czytaniu, braniu udzia\u0142u w r\u00f3\u017cnych wydarzeniach i praktykowaniu r\u00f3\u017cnych metod uzdrawiania.<\/p><p><strong>Upowa\u017cni\u0119 ci\u0119 do zobowi\u0105zania si\u0119 do kochania i szanowania tego, kim naprawd\u0119 jeste\u015b, do odkrycia tego wspania\u0142ego potencja\u0142u, kt\u00f3ry masz w sobie.<\/strong><\/p><\/div><\/div>\n        <\/section>\t\t\t\t<\/div>\n\t\t\t\t<\/div>\n\t\t\t\t\t<\/div>\n\t\t<\/div>\n\t\t\t\t<div class=\"aux-parallax-section elementor-column elementor-col-33 elementor-top-column elementor-element elementor-element-6e9c20a\" data-id=\"6e9c20a\" data-element_type=\"column\" data-e-type=\"column\">\n\t\t\t<div class=\"elementor-widget-wrap elementor-element-populated\">\n\t\t\t\t\t\t<div class=\"elementor-element elementor-element-efe3dbf elementor-widget elementor-widget-video\" data-id=\"efe3dbf\" data-element_type=\"widget\" data-e-type=\"widget\" data-settings=\"{&quot;video_type&quot;:&quot;hosted&quot;,&quot;autoplay&quot;:&quot;yes&quot;,&quot;loop&quot;:&quot;yes&quot;,&quot;controls&quot;:&quot;yes&quot;}\" data-widget_type=\"video.default\">\n\t\t\t\t<div class=\"elementor-widget-container\">\n\t\t\t\t\t\t\t<div class=\"e-hosted-video elementor-wrapper elementor-open-inline\">\n\t\t\t\t\t<video class=\"elementor-video\" src=\"https:\/\/beaconoflights.co.uk\/wp-content\/uploads\/2023\/05\/Beacon-of-Lights-nosound.mp4\" autoplay=\"\" loop=\"\" controls=\"\" controlslist=\"nodownload\"><\/video>\n\t\t\t\t<\/div>\n\t\t\t\t\t\t<\/div>\n\t\t\t\t<\/div>\n\t\t\t\t\t<\/div>\n\t\t<\/div>\n\t\t\t\t<div class=\"aux-parallax-section elementor-column elementor-col-33 elementor-top-column elementor-element elementor-element-3133392\" data-id=\"3133392\" data-element_type=\"column\" data-e-type=\"column\">\n\t\t\t<div class=\"elementor-widget-wrap elementor-element-populated\">\n\t\t\t\t\t\t<div class=\"elementor-element elementor-element-665a279 aux-appear-watch-animation aux-fade-in-up elementor-widget elementor-widget-aux_modern_heading\" data-id=\"665a279\" data-element_type=\"widget\" data-e-type=\"widget\" data-widget_type=\"aux_modern_heading.default\">\n\t\t\t\t<div class=\"elementor-widget-container\">\n\t\t\t\t\t<section class=\"aux-widget-modern-heading\">\n            <div class=\"aux-widget-inner\"><div class=\"aux-modern-heading-divider\"><\/div><h2 class=\"aux-modern-heading-primary\"><\/h2><h3 class=\"aux-modern-heading-secondary\"><span class=\"aux-head-before\">Ta cz\u0119\u015b\u0107 jest o Tobie:<\/span><\/h3><div class=\"aux-modern-heading-description\"><p class=\"p1\"><strong>ZAWSZE MASZ DO WYBORU.<\/strong><\/p><p class=\"p1\">Aby osi\u0105gn\u0105\u0107 swoje cele, musisz tylko postawi\u0107 siebie na pierwszym miejscu, a reszta rozwinie si\u0119 naturalnie. Zaufaj procesowi, uwierz, \u017ce jeste\u015b dok\u0142adnie tam, gdzie musisz by\u0107, aby si\u0119 rozwija\u0107, znajd\u017a swoj\u0105 czyst\u0105 esencj\u0119 \u017cycia, \u017cyj celowo i zakochaj si\u0119 w swoim boskim, wielowymiarowym i nieograniczonym ja.<\/p><p class=\"p1\"><strong><span class=\"Apple-converted-space\">\u00a0<\/span>\u201c\u017bYCIE JEST PIOSENK\u0104, KT\u00d3R\u0104 WARTO \u015aPIEWA\u0106\"<\/strong><\/p><p class=\"p1 translation-block\">Wszyscy jeste\u015bmy uzdolnieni i wszyscy jeste\u015bmy tutaj z jakiego\u015b powodu, czasami po prostu jeszcze nie znamy go jeszcze.<\/p><p class=\"p1 translation-block\">Nadszed\u0142 czas, aby stan\u0105\u0107 w swojej obronie, stan\u0105\u0107 we w\u0142asnej mocy i uwierzy\u0107 w siebie, aby ca\u0142y Wszech\u015bwiat m\u00f3g\u0142 przyj\u015b\u0107 i pokaza\u0107 Ci Twoj\u0105 prawdziw\u0105 Magi\u0119.<\/p><p class=\"p1 translation-block\">Jako Latarnia \u015awiat\u0142a jestem tutaj, aby dzieli\u0107 si\u0119 tym \u015bwiat\u0142em z wami, aby\u015bcie mogli o\u015bwietli\u0107 swoj\u0105 w\u0142asn\u0105 \u015bcie\u017ck\u0119 i nigdy wi\u0119cej si\u0119 nie ba\u0107.<\/p><p class=\"p1 translation-block\">Stworzy\u0142am t\u0119 przestrze\u0144 dla wszystkich tych, kt\u00f3rzy czuj\u0105, \u017ce \u017cycie ma wy\u017cszy sens. Dla tych, kt\u00f3rzy czuj\u0105, \u017ce widz\u0105 rzeczy inaczej ni\u017c inni, i dla tych, kt\u00f3rzy my\u015bl\u0105, \u017ce czasami wariuj\u0105...<\/p><p class=\"p1 translation-block\">Zaufaj mi, wszyscy jeste\u015bcie dobrzy, jeste\u015bcie doskonali tacy, jacy jeste\u015bcie, i nigdy nie jeste\u015bcie sami.<\/p><p class=\"p1 translation-block\">Jestem tutaj, aby Kocha\u0107, pomaga\u0107 i \u0142\u0105czy\u0107 si\u0119 z wami, i s\u0142ucha\u0107 tego, czym jeste\u015bcie gotowi si\u0119 ze mn\u0105 podzieli\u0107...<\/p><p class=\"p1\">Nigdy nie b\u0119d\u0119 ocenia\u0107.<\/p><p class=\"p1\">Jeste\u015bmy po to, aby si\u0119 przebi\u0107, wspiera\u0107 si\u0119 nawzajem, szerzy\u0107 mi\u0142o\u015b\u0107 i \u017cyczliwo\u015b\u0107... i po\u0142\u0105czy\u0107 si\u0119 wsp\u00f3lnie ze sob\u0105.<\/p><p class=\"p1\">To jest jedyny spos\u00f3b, aby zmieni\u0107 \u015bwiat, zaczynaj\u0105c od siebie.<\/p><p>Ju\u017c czas.<\/p><p>Ten czas to TERAZ.<\/p><p>Alicja K.<\/p><\/div><\/div>\n        <\/section>\t\t\t\t<\/div>\n\t\t\t\t<\/div>\n\t\t\t\t\t<\/div>\n\t\t<\/div>\n\t\t\t\t\t<\/div>\n\t\t<\/section>\n\t\t\t\t<div class=\"elementor-element elementor-element-b655a93 aaud elementor-widget elementor-widget-html\" data-id=\"b655a93\" data-element_type=\"widget\" data-e-type=\"widget\" data-widget_type=\"html.default\">\n\t\t\t\t<div class=\"elementor-widget-container\">\n\t\t\t\t\t<audio controls autoplay>\n  <source src=\"https:\/\/beaconoflights.co.uk\/wp-content\/uploads\/2023\/05\/Natural-Beauty-320-kbps.mp3\" type=\"audio\/mpeg\">\n  Your browser does not support the audio element.\n<\/audio>\t\t\t\t<\/div>\n\t\t\t\t<\/div>\n\t\t\t\t\t<\/div>\n\t\t<\/div>\n\t\t\t\t\t<\/div>\n\t\t<\/section>\n\t\t\t\t<section class=\"elementor-section elementor-top-section elementor-element elementor-element-7990ade8 elementor-section-boxed elementor-section-height-default elementor-section-height-default\" data-id=\"7990ade8\" data-element_type=\"section\" data-e-type=\"section\">\n\t\t\t\t\t\t<div class=\"elementor-container elementor-column-gap-default\">\n\t\t\t\t\t<div class=\"aux-parallax-section elementor-column elementor-col-100 elementor-top-column elementor-element elementor-element-1991274d\" data-id=\"1991274d\" data-element_type=\"column\" data-e-type=\"column\">\n\t\t\t<div class=\"elementor-widget-wrap\">\n\t\t\t\t\t\t\t<\/div>\n\t\t<\/div>\n\t\t\t\t\t<\/div>\n\t\t<\/section>\n\t\t\t\t<\/div>","protected":false},"excerpt":{"rendered":"<p>This part is about me:Hi, What a synchronicity, great to have you here. I am Alicia &#8211; Your beacon of Lights * For the past few years when focused on Reiki, Crystal Healing, Past Life Regression, Tarot, and Astrology and taking part in different retreats and events gave me this beautiful opportunity to uncover all [&hellip;]<\/p>\n","protected":false},"author":2,"featured_media":0,"parent":0,"menu_order":0,"comment_status":"closed","ping_status":"closed","template":"","meta":{"footnotes":""},"class_list":["post-1130","page","type-page","status-publish","hentry"],"yoast_head":"<!-- This site is optimized with the Yoast SEO plugin v27.2 - https:\/\/yoast.com\/product\/yoast-seo-wordpress\/ -->\n<title>About Me - New - Beacon of Lights<\/title>\n<meta name=\"robots\" content=\"index, follow, max-snippet:-1, max-image-preview:large, max-video-preview:-1\" \/>\n<link rel=\"canonical\" href=\"https:\/\/beaconoflights.co.uk\/pl\/about-me-new\/\" \/>\n<meta property=\"og:locale\" content=\"pl_PL\" \/>\n<meta property=\"og:type\" content=\"article\" \/>\n<meta property=\"og:title\" content=\"About Me - New - Beacon of Lights\" \/>\n<meta property=\"og:description\" content=\"This part is about me:Hi, What a synchronicity, great to have you here. I am Alicia &#8211; Your beacon of Lights * For the past few years when focused on Reiki, Crystal Healing, Past Life Regression, Tarot, and Astrology and taking part in different retreats and events gave me this beautiful opportunity to uncover all [&hellip;]\" \/>\n<meta property=\"og:url\" content=\"https:\/\/beaconoflights.co.uk\/pl\/about-me-new\/\" \/>\n<meta property=\"og:site_name\" content=\"Beacon of Lights\" \/>\n<meta property=\"article:modified_time\" content=\"2023-06-15T19:54:25+00:00\" \/>\n<meta name=\"twitter:card\" content=\"summary_large_image\" \/>\n<meta name=\"twitter:label1\" content=\"Szacowany czas czytania\" \/>\n\t<meta name=\"twitter:data1\" content=\"3 minuty\" \/>\n<script type=\"application\/ld+json\" class=\"yoast-schema-graph\">{\"@context\":\"https:\/\/schema.org\",\"@graph\":[{\"@type\":\"WebPage\",\"@id\":\"https:\/\/beaconoflights.co.uk\/about-me-new\/\",\"url\":\"https:\/\/beaconoflights.co.uk\/about-me-new\/\",\"name\":\"About Me - New - Beacon of Lights\",\"isPartOf\":{\"@id\":\"https:\/\/beaconoflights.co.uk\/#website\"},\"datePublished\":\"2023-05-17T19:17:14+00:00\",\"dateModified\":\"2023-06-15T19:54:25+00:00\",\"breadcrumb\":{\"@id\":\"https:\/\/beaconoflights.co.uk\/about-me-new\/#breadcrumb\"},\"inLanguage\":\"pl-PL\",\"potentialAction\":[{\"@type\":\"ReadAction\",\"target\":[\"https:\/\/beaconoflights.co.uk\/about-me-new\/\"]}]},{\"@type\":\"BreadcrumbList\",\"@id\":\"https:\/\/beaconoflights.co.uk\/about-me-new\/#breadcrumb\",\"itemListElement\":[{\"@type\":\"ListItem\",\"position\":1,\"name\":\"Home\",\"item\":\"https:\/\/beaconoflights.co.uk\/\"},{\"@type\":\"ListItem\",\"position\":2,\"name\":\"About Me &#8211; New\"}]},{\"@type\":\"WebSite\",\"@id\":\"https:\/\/beaconoflights.co.uk\/#website\",\"url\":\"https:\/\/beaconoflights.co.uk\/\",\"name\":\"Beacon of Lights\",\"description\":\"\",\"publisher\":{\"@id\":\"https:\/\/beaconoflights.co.uk\/#\/schema\/person\/07b0866c2719af64cafd2f407386a495\"},\"potentialAction\":[{\"@type\":\"SearchAction\",\"target\":{\"@type\":\"EntryPoint\",\"urlTemplate\":\"https:\/\/beaconoflights.co.uk\/?s={search_term_string}\"},\"query-input\":{\"@type\":\"PropertyValueSpecification\",\"valueRequired\":true,\"valueName\":\"search_term_string\"}}],\"inLanguage\":\"pl-PL\"},{\"@type\":[\"Person\",\"Organization\"],\"@id\":\"https:\/\/beaconoflights.co.uk\/#\/schema\/person\/07b0866c2719af64cafd2f407386a495\",\"name\":\"alicia k.\",\"image\":{\"@type\":\"ImageObject\",\"inLanguage\":\"pl-PL\",\"@id\":\"https:\/\/beaconoflights.co.uk\/wp-content\/uploads\/2022\/11\/Beaconoflights-logo.png\",\"url\":\"https:\/\/beaconoflights.co.uk\/wp-content\/uploads\/2022\/11\/Beaconoflights-logo.png\",\"contentUrl\":\"https:\/\/beaconoflights.co.uk\/wp-content\/uploads\/2022\/11\/Beaconoflights-logo.png\",\"width\":450,\"height\":153,\"caption\":\"alicia k.\"},\"logo\":{\"@id\":\"https:\/\/beaconoflights.co.uk\/wp-content\/uploads\/2022\/11\/Beaconoflights-logo.png\"},\"sameAs\":[\"https:\/\/beaconoflights.co.uk\",\"https:\/\/www.instagram.com\/iamthebeaconoflights\/\"]}]}<\/script>\n<!-- \/ Yoast SEO plugin. -->","yoast_head_json":{"title":"About Me - New - Beacon of Lights","robots":{"index":"index","follow":"follow","max-snippet":"max-snippet:-1","max-image-preview":"max-image-preview:large","max-video-preview":"max-video-preview:-1"},"canonical":"https:\/\/beaconoflights.co.uk\/pl\/about-me-new\/","og_locale":"pl_PL","og_type":"article","og_title":"About Me - New - Beacon of Lights","og_description":"This part is about me:Hi, What a synchronicity, great to have you here. I am Alicia &#8211; Your beacon of Lights * For the past few years when focused on Reiki, Crystal Healing, Past Life Regression, Tarot, and Astrology and taking part in different retreats and events gave me this beautiful opportunity to uncover all [&hellip;]","og_url":"https:\/\/beaconoflights.co.uk\/pl\/about-me-new\/","og_site_name":"Beacon of Lights","article_modified_time":"2023-06-15T19:54:25+00:00","twitter_card":"summary_large_image","twitter_misc":{"Szacowany czas czytania":"3 minuty"},"schema":{"@context":"https:\/\/schema.org","@graph":[{"@type":"WebPage","@id":"https:\/\/beaconoflights.co.uk\/about-me-new\/","url":"https:\/\/beaconoflights.co.uk\/about-me-new\/","name":"About Me - New - Beacon of Lights","isPartOf":{"@id":"https:\/\/beaconoflights.co.uk\/#website"},"datePublished":"2023-05-17T19:17:14+00:00","dateModified":"2023-06-15T19:54:25+00:00","breadcrumb":{"@id":"https:\/\/beaconoflights.co.uk\/about-me-new\/#breadcrumb"},"inLanguage":"pl-PL","potentialAction":[{"@type":"ReadAction","target":["https:\/\/beaconoflights.co.uk\/about-me-new\/"]}]},{"@type":"BreadcrumbList","@id":"https:\/\/beaconoflights.co.uk\/about-me-new\/#breadcrumb","itemListElement":[{"@type":"ListItem","position":1,"name":"Home","item":"https:\/\/beaconoflights.co.uk\/"},{"@type":"ListItem","position":2,"name":"About Me &#8211; New"}]},{"@type":"WebSite","@id":"https:\/\/beaconoflights.co.uk\/#website","url":"https:\/\/beaconoflights.co.uk\/","name":"Beacon of Lights","description":"","publisher":{"@id":"https:\/\/beaconoflights.co.uk\/#\/schema\/person\/07b0866c2719af64cafd2f407386a495"},"potentialAction":[{"@type":"SearchAction","target":{"@type":"EntryPoint","urlTemplate":"https:\/\/beaconoflights.co.uk\/?s={search_term_string}"},"query-input":{"@type":"PropertyValueSpecification","valueRequired":true,"valueName":"search_term_string"}}],"inLanguage":"pl-PL"},{"@type":["Person","Organization"],"@id":"https:\/\/beaconoflights.co.uk\/#\/schema\/person\/07b0866c2719af64cafd2f407386a495","name":"alicia k.","image":{"@type":"ImageObject","inLanguage":"pl-PL","@id":"https:\/\/beaconoflights.co.uk\/wp-content\/uploads\/2022\/11\/Beaconoflights-logo.png","url":"https:\/\/beaconoflights.co.uk\/wp-content\/uploads\/2022\/11\/Beaconoflights-logo.png","contentUrl":"https:\/\/beaconoflights.co.uk\/wp-content\/uploads\/2022\/11\/Beaconoflights-logo.png","width":450,"height":153,"caption":"alicia k."},"logo":{"@id":"https:\/\/beaconoflights.co.uk\/wp-content\/uploads\/2022\/11\/Beaconoflights-logo.png"},"sameAs":["https:\/\/beaconoflights.co.uk","https:\/\/www.instagram.com\/iamthebeaconoflights\/"]}]}},"_links":{"self":[{"href":"https:\/\/beaconoflights.co.uk\/pl\/wp-json\/wp\/v2\/pages\/1130","targetHints":{"allow":["GET"]}}],"collection":[{"href":"https:\/\/beaconoflights.co.uk\/pl\/wp-json\/wp\/v2\/pages"}],"about":[{"href":"https:\/\/beaconoflights.co.uk\/pl\/wp-json\/wp\/v2\/types\/page"}],"author":[{"embeddable":true,"href":"https:\/\/beaconoflights.co.uk\/pl\/wp-json\/wp\/v2\/users\/2"}],"replies":[{"embeddable":true,"href":"https:\/\/beaconoflights.co.uk\/pl\/wp-json\/wp\/v2\/comments?post=1130"}],"version-history":[{"count":61,"href":"https:\/\/beaconoflights.co.uk\/pl\/wp-json\/wp\/v2\/pages\/1130\/revisions"}],"predecessor-version":[{"id":1386,"href":"https:\/\/beaconoflights.co.uk\/pl\/wp-json\/wp\/v2\/pages\/1130\/revisions\/1386"}],"wp:attachment":[{"href":"https:\/\/beaconoflights.co.uk\/pl\/wp-json\/wp\/v2\/media?parent=1130"}],"curies":[{"name":"wp","href":"https:\/\/api.w.org\/{rel}","templated":true}]}}